{"id":2332,"date":"2023-07-16T08:54:20","date_gmt":"2023-07-16T05:54:20","guid":{"rendered":"https:\/\/alphagraphics.ro\/termeni-si-conditii\/"},"modified":"2023-08-17T15:34:53","modified_gmt":"2023-08-17T12:34:53","slug":"geschaeftsbedingungen","status":"publish","type":"page","link":"https:\/\/alphagraphics.ro\/de\/geschaeftsbedingungen\/","title":{"rendered":"Gesch\u00e4ftsbedingungen"},"content":{"rendered":"\t\t<div data-elementor-type=\"wp-page\" data-elementor-id=\"2332\" class=\"elementor elementor-2332 elementor-467\" data-elementor-post-type=\"page\">\n\t\t\t\t\t\t\t\t\t<section class=\"elementor-section elementor-top-section elementor-element elementor-element-72197d9 elementor-section-boxed elementor-section-height-default elementor-section-height-default\" data-id=\"72197d9\" data-element_type=\"section\">\n\t\t\t\t\t\t<div class=\"elementor-container elementor-column-gap-default\">\n\t\t\t\t\t<div class=\"elementor-column elementor-col-100 elementor-top-column elementor-element elementor-element-604b967\" data-id=\"604b967\" data-element_type=\"column\">\n\t\t\t<div class=\"elementor-widget-wrap elementor-element-populated\">\n\t\t\t\t\t\t\t\t<div class=\"elementor-element elementor-element-9bb1364 elementor-widget elementor-widget-text-editor\" data-id=\"9bb1364\" data-element_type=\"widget\" data-widget_type=\"text-editor.default\">\n\t\t\t\t<div class=\"elementor-widget-container\">\n\t\t\t<style>\/*! elementor - v3.14.0 - 26-06-2023 *\/\n.elementor-widget-text-editor.elementor-drop-cap-view-stacked .elementor-drop-cap{background-color:#69727d;color:#fff}.elementor-widget-text-editor.elementor-drop-cap-view-framed .elementor-drop-cap{color:#69727d;border:3px solid;background-color:transparent}.elementor-widget-text-editor:not(.elementor-drop-cap-view-default) .elementor-drop-cap{margin-top:8px}.elementor-widget-text-editor:not(.elementor-drop-cap-view-default) .elementor-drop-cap-letter{width:1em;height:1em}.elementor-widget-text-editor .elementor-drop-cap{float:left;text-align:center;line-height:1;font-size:50px}.elementor-widget-text-editor .elementor-drop-cap-letter{display:inline-block}<\/style>\t\t\t\t<p>Der Besuch oder die Nutzung der Website alphagraphics.ro setzt die Annahme der Nutzungsbedingungen voraus, die im Folgenden n\u00e4her erl\u00e4utert werden. Um die Website unter guten Bedingungen nutzen zu k\u00f6nnen, wird empfohlen, die Allgemeinen Gesch\u00e4ftsbedingungen sorgf\u00e4ltig zu lesen.<\/p><p><strong>alphagraphics.ro<\/strong> wird von <strong>SC EURO PRINT SHOP SRL<\/strong> mit Hauptsitz in Str. verwaltet. Marschall C-tin Prezan, Nr. 142, Erdgeschoss\/A2, Timisoara, eingetragen im Handelsregister unter der Nr. J35\/1493\/2014, CUI RO33288881<br \/>Wir behalten uns das Recht vor, \u00c4nderungen an diesen Allgemeinen Gesch\u00e4ftsbedingungen sowie an der Website alphagraphics.ro ohne vorherige Ank\u00fcndigung vorzunehmen. Wenn Sie auf die Seite \u201eAllgemeine Gesch\u00e4ftsbedingungen\u201c zugreifen, k\u00f6nnen Sie jederzeit die neueste Version dieser Bestimmungen lesen.<\/p><h5>Urheberrechte \u00a9<\/h5><p>Der gesamte Inhalt der Website alphagraphics.ro, einschlie\u00dflich Texte, Bilder, Grafiken, Webgrafikelemente, Skripte und alle anderen Daten, ist Eigentum von SC EURO PRINT SHOP SRL oder seinen Lieferanten und ist durch das Urheberrechtsgesetz und andere Gesetze gesch\u00fctzt in Bezug auf geistiges Eigentum und gewerbliche Schutzrechte. Die Verwendung von Elementen auf der Website alphagraphics.ro oder von oben aufgef\u00fchrten Elementen ohne schriftliche Zustimmung ist nach geltendem Recht strafbar. Um geistige Eigentumsrechte geltend zu machen, k\u00f6nnen Sie die E-Mail-Adresse contact@alphagraphics.ro verwenden<\/p><h5>Einschr\u00e4nkungen bei der Verwendung bestimmter Fernkommunikationstechniken<\/h5><p>Die folgenden Fernkommunikationstechniken erfordern die vorherige Zustimmung des Verbrauchers:<br \/>a) automatisches Rufsystem ohne menschliches Eingreifen (automatischer Ruf);<br \/>b) Telefonieren mit menschlichem Eingreifen;<br \/>c) E-Mail-Adresse (E-Mail)<br \/>d) unadressiertes Drucken;<br \/>e) gedruckter Adressat;<br \/>f) getippter Brief;<\/p><p>Durch die Zustimmung zu diesen Allgemeinen Gesch\u00e4ftsbedingungen \u00fcbernimmt der Kunde vollst\u00e4ndig die Rechte und Pflichten der Website <strong>alphagraphics.ro.<\/strong><\/p>\t\t\t\t\t\t<\/div>\n\t\t\t\t<\/div>\n\t\t\t\t\t<\/div>\n\t\t<\/div>\n\t\t\t\t\t\t\t<\/div>\n\t\t<\/section>\n\t\t\t\t\t\t\t<\/div>\n\t\t","protected":false},"excerpt":{"rendered":"<p>Der Besuch oder die Nutzung der Website alphagraphics.ro setzt die Annahme der Nutzungsbedingungen voraus, die im Folgenden n\u00e4her erl\u00e4utert werden. Um die Website unter guten Bedingungen nutzen zu k\u00f6nnen, wird empfohlen, die Allgemeinen Gesch\u00e4ftsbedingungen sorgf\u00e4ltig zu lesen. alphagraphics.ro wird von SC EURO PRINT SHOP SRL mit Hauptsitz in Str. verwaltet. Marschall C-tin Prezan, Nr. 142, &hellip;<\/p>\n<p class=\"read-more\"> <a class=\"\" href=\"https:\/\/alphagraphics.ro\/de\/geschaeftsbedingungen\/\"> <span class=\"screen-reader-text\">Gesch\u00e4ftsbedingungen<\/span> Weiterlesen &raquo;<\/a><\/p>\n","protected":false},"author":1,"featured_media":0,"parent":0,"menu_order":0,"comment_status":"closed","ping_status":"closed","template":"","meta":{"_acf_changed":false,"site-sidebar-layout":"no-sidebar","site-content-layout":"page-builder","ast-global-header-display":"","ast-main-header-display":"","ast-hfb-above-header-display":"","ast-hfb-below-header-display":"","ast-hfb-mobile-header-display":"","site-post-title":"disabled","ast-breadcrumbs-content":"","ast-featured-img":"disabled","footer-sml-layout":"","theme-transparent-header-meta":"","adv-header-id-meta":"","stick-header-meta":"","header-above-stick-meta":"","header-main-stick-meta":"","header-below-stick-meta":"","footnotes":""},"class_list":["post-2332","page","type-page","status-publish","hentry"],"acf":[],"yoast_head":"<!-- This site is optimized with the Yoast SEO plugin v27.3 - https:\/\/yoast.com\/product\/yoast-seo-wordpress\/ -->\n<title>Gesch\u00e4ftsbedingungen - Alpha Graphics<\/title>\n<meta name=\"robots\" content=\"index, follow, max-snippet:-1, max-image-preview:large, max-video-preview:-1\" \/>\n<link rel=\"canonical\" href=\"https:\/\/alphagraphics.ro\/de\/geschaeftsbedingungen\/\" \/>\n<meta property=\"og:locale\" content=\"de_DE\" \/>\n<meta property=\"og:type\" content=\"article\" \/>\n<meta property=\"og:title\" content=\"Gesch\u00e4ftsbedingungen - Alpha Graphics\" \/>\n<meta property=\"og:description\" content=\"Der Besuch oder die Nutzung der Website alphagraphics.ro setzt die Annahme der Nutzungsbedingungen voraus, die im Folgenden n\u00e4her erl\u00e4utert werden. Um die Website unter guten Bedingungen nutzen zu k\u00f6nnen, wird empfohlen, die Allgemeinen Gesch\u00e4ftsbedingungen sorgf\u00e4ltig zu lesen. alphagraphics.ro wird von SC EURO PRINT SHOP SRL mit Hauptsitz in Str. verwaltet. Marschall C-tin Prezan, Nr. 142, &hellip; Gesch\u00e4ftsbedingungen Weiterlesen &raquo;\" \/>\n<meta property=\"og:url\" content=\"https:\/\/alphagraphics.ro\/de\/geschaeftsbedingungen\/\" \/>\n<meta property=\"og:site_name\" content=\"Alpha Graphics\" \/>\n<meta property=\"article:modified_time\" content=\"2023-08-17T12:34:53+00:00\" \/>\n<meta name=\"twitter:card\" content=\"summary_large_image\" \/>\n<meta name=\"twitter:label1\" content=\"Gesch\u00e4tzte Lesezeit\" \/>\n\t<meta name=\"twitter:data1\" content=\"2\u00a0Minuten\" \/>\n<script type=\"application\/ld+json\" class=\"yoast-schema-graph\">{\"@context\":\"https:\\\/\\\/schema.org\",\"@graph\":[{\"@type\":\"WebPage\",\"@id\":\"https:\\\/\\\/alphagraphics.ro\\\/de\\\/geschaeftsbedingungen\\\/\",\"url\":\"https:\\\/\\\/alphagraphics.ro\\\/de\\\/geschaeftsbedingungen\\\/\",\"name\":\"Gesch\u00e4ftsbedingungen - Alpha Graphics\",\"isPartOf\":{\"@id\":\"https:\\\/\\\/alphagraphics.ro\\\/#website\"},\"datePublished\":\"2023-07-16T05:54:20+00:00\",\"dateModified\":\"2023-08-17T12:34:53+00:00\",\"breadcrumb\":{\"@id\":\"https:\\\/\\\/alphagraphics.ro\\\/de\\\/geschaeftsbedingungen\\\/#breadcrumb\"},\"inLanguage\":\"de\",\"potentialAction\":[{\"@type\":\"ReadAction\",\"target\":[\"https:\\\/\\\/alphagraphics.ro\\\/de\\\/geschaeftsbedingungen\\\/\"]}]},{\"@type\":\"BreadcrumbList\",\"@id\":\"https:\\\/\\\/alphagraphics.ro\\\/de\\\/geschaeftsbedingungen\\\/#breadcrumb\",\"itemListElement\":[{\"@type\":\"ListItem\",\"position\":1,\"name\":\"Prima pagin\u0103\",\"item\":\"https:\\\/\\\/alphagraphics.ro\\\/de\\\/\"},{\"@type\":\"ListItem\",\"position\":2,\"name\":\"Gesch\u00e4ftsbedingungen\"}]},{\"@type\":\"WebSite\",\"@id\":\"https:\\\/\\\/alphagraphics.ro\\\/#website\",\"url\":\"https:\\\/\\\/alphagraphics.ro\\\/\",\"name\":\"Alpha Graphics\",\"description\":\"Decide azi pentru un viitor mai bun\",\"publisher\":{\"@id\":\"https:\\\/\\\/alphagraphics.ro\\\/#organization\"},\"potentialAction\":[{\"@type\":\"SearchAction\",\"target\":{\"@type\":\"EntryPoint\",\"urlTemplate\":\"https:\\\/\\\/alphagraphics.ro\\\/?s={search_term_string}\"},\"query-input\":{\"@type\":\"PropertyValueSpecification\",\"valueRequired\":true,\"valueName\":\"search_term_string\"}}],\"inLanguage\":\"de\"},{\"@type\":\"Organization\",\"@id\":\"https:\\\/\\\/alphagraphics.ro\\\/#organization\",\"name\":\"Alpha Graphics\",\"url\":\"https:\\\/\\\/alphagraphics.ro\\\/\",\"logo\":{\"@type\":\"ImageObject\",\"inLanguage\":\"de\",\"@id\":\"https:\\\/\\\/alphagraphics.ro\\\/#\\\/schema\\\/logo\\\/image\\\/\",\"url\":\"https:\\\/\\\/alphagraphics.ro\\\/wp-content\\\/uploads\\\/2023\\\/02\\\/alpha-graphics-logo.png\",\"contentUrl\":\"https:\\\/\\\/alphagraphics.ro\\\/wp-content\\\/uploads\\\/2023\\\/02\\\/alpha-graphics-logo.png\",\"width\":520,\"height\":73,\"caption\":\"Alpha Graphics\"},\"image\":{\"@id\":\"https:\\\/\\\/alphagraphics.ro\\\/#\\\/schema\\\/logo\\\/image\\\/\"}}]}<\/script>\n<!-- \/ Yoast SEO plugin. -->","yoast_head_json":{"title":"Gesch\u00e4ftsbedingungen - Alpha Graphics","robots":{"index":"index","follow":"follow","max-snippet":"max-snippet:-1","max-image-preview":"max-image-preview:large","max-video-preview":"max-video-preview:-1"},"canonical":"https:\/\/alphagraphics.ro\/de\/geschaeftsbedingungen\/","og_locale":"de_DE","og_type":"article","og_title":"Gesch\u00e4ftsbedingungen - Alpha Graphics","og_description":"Der Besuch oder die Nutzung der Website alphagraphics.ro setzt die Annahme der Nutzungsbedingungen voraus, die im Folgenden n\u00e4her erl\u00e4utert werden. Um die Website unter guten Bedingungen nutzen zu k\u00f6nnen, wird empfohlen, die Allgemeinen Gesch\u00e4ftsbedingungen sorgf\u00e4ltig zu lesen. alphagraphics.ro wird von SC EURO PRINT SHOP SRL mit Hauptsitz in Str. verwaltet. Marschall C-tin Prezan, Nr. 142, &hellip; Gesch\u00e4ftsbedingungen Weiterlesen &raquo;","og_url":"https:\/\/alphagraphics.ro\/de\/geschaeftsbedingungen\/","og_site_name":"Alpha Graphics","article_modified_time":"2023-08-17T12:34:53+00:00","twitter_card":"summary_large_image","twitter_misc":{"Gesch\u00e4tzte Lesezeit":"2\u00a0Minuten"},"schema":{"@context":"https:\/\/schema.org","@graph":[{"@type":"WebPage","@id":"https:\/\/alphagraphics.ro\/de\/geschaeftsbedingungen\/","url":"https:\/\/alphagraphics.ro\/de\/geschaeftsbedingungen\/","name":"Gesch\u00e4ftsbedingungen - Alpha Graphics","isPartOf":{"@id":"https:\/\/alphagraphics.ro\/#website"},"datePublished":"2023-07-16T05:54:20+00:00","dateModified":"2023-08-17T12:34:53+00:00","breadcrumb":{"@id":"https:\/\/alphagraphics.ro\/de\/geschaeftsbedingungen\/#breadcrumb"},"inLanguage":"de","potentialAction":[{"@type":"ReadAction","target":["https:\/\/alphagraphics.ro\/de\/geschaeftsbedingungen\/"]}]},{"@type":"BreadcrumbList","@id":"https:\/\/alphagraphics.ro\/de\/geschaeftsbedingungen\/#breadcrumb","itemListElement":[{"@type":"ListItem","position":1,"name":"Prima pagin\u0103","item":"https:\/\/alphagraphics.ro\/de\/"},{"@type":"ListItem","position":2,"name":"Gesch\u00e4ftsbedingungen"}]},{"@type":"WebSite","@id":"https:\/\/alphagraphics.ro\/#website","url":"https:\/\/alphagraphics.ro\/","name":"Alpha Graphics","description":"Decide azi pentru un viitor mai bun","publisher":{"@id":"https:\/\/alphagraphics.ro\/#organization"},"potentialAction":[{"@type":"SearchAction","target":{"@type":"EntryPoint","urlTemplate":"https:\/\/alphagraphics.ro\/?s={search_term_string}"},"query-input":{"@type":"PropertyValueSpecification","valueRequired":true,"valueName":"search_term_string"}}],"inLanguage":"de"},{"@type":"Organization","@id":"https:\/\/alphagraphics.ro\/#organization","name":"Alpha Graphics","url":"https:\/\/alphagraphics.ro\/","logo":{"@type":"ImageObject","inLanguage":"de","@id":"https:\/\/alphagraphics.ro\/#\/schema\/logo\/image\/","url":"https:\/\/alphagraphics.ro\/wp-content\/uploads\/2023\/02\/alpha-graphics-logo.png","contentUrl":"https:\/\/alphagraphics.ro\/wp-content\/uploads\/2023\/02\/alpha-graphics-logo.png","width":520,"height":73,"caption":"Alpha Graphics"},"image":{"@id":"https:\/\/alphagraphics.ro\/#\/schema\/logo\/image\/"}}]}},"_links":{"self":[{"href":"https:\/\/alphagraphics.ro\/de\/wp-json\/wp\/v2\/pages\/2332","targetHints":{"allow":["GET"]}}],"collection":[{"href":"https:\/\/alphagraphics.ro\/de\/wp-json\/wp\/v2\/pages"}],"about":[{"href":"https:\/\/alphagraphics.ro\/de\/wp-json\/wp\/v2\/types\/page"}],"author":[{"embeddable":true,"href":"https:\/\/alphagraphics.ro\/de\/wp-json\/wp\/v2\/users\/1"}],"replies":[{"embeddable":true,"href":"https:\/\/alphagraphics.ro\/de\/wp-json\/wp\/v2\/comments?post=2332"}],"version-history":[{"count":14,"href":"https:\/\/alphagraphics.ro\/de\/wp-json\/wp\/v2\/pages\/2332\/revisions"}],"predecessor-version":[{"id":2369,"href":"https:\/\/alphagraphics.ro\/de\/wp-json\/wp\/v2\/pages\/2332\/revisions\/2369"}],"wp:attachment":[{"href":"https:\/\/alphagraphics.ro\/de\/wp-json\/wp\/v2\/media?parent=2332"}],"curies":[{"name":"wp","href":"https:\/\/api.w.org\/{rel}","templated":true}]}}