{"id":2319,"date":"2020-09-28T09:26:01","date_gmt":"2020-09-28T06:26:01","guid":{"rendered":"https:\/\/alphagraphics.ro\/politica-green\/"},"modified":"2023-08-17T15:11:46","modified_gmt":"2023-08-17T12:11:46","slug":"gruene-politik","status":"publish","type":"page","link":"https:\/\/alphagraphics.ro\/de\/gruene-politik\/","title":{"rendered":"Gr\u00fcne Politik"},"content":{"rendered":"\t\t<div data-elementor-type=\"wp-page\" data-elementor-id=\"2319\" class=\"elementor elementor-2319 elementor-92\" data-elementor-post-type=\"page\">\n\t\t\t\t\t\t\t\t\t<section class=\"elementor-section elementor-top-section elementor-element elementor-element-ded3f28 elementor-section-boxed elementor-section-height-default elementor-section-height-default\" data-id=\"ded3f28\" data-element_type=\"section\">\n\t\t\t\t\t\t<div class=\"elementor-container elementor-column-gap-no\">\n\t\t\t\t\t<div class=\"elementor-column elementor-col-100 elementor-top-column elementor-element elementor-element-c474cde\" data-id=\"c474cde\" data-element_type=\"column\">\n\t\t\t<div class=\"elementor-widget-wrap elementor-element-populated\">\n\t\t\t\t\t\t\t\t<section class=\"elementor-section elementor-inner-section elementor-element elementor-element-6da9a4c elementor-section-content-middle elementor-reverse-tablet elementor-reverse-mobile elementor-section-boxed elementor-section-height-default elementor-section-height-default\" data-id=\"6da9a4c\" data-element_type=\"section\">\n\t\t\t\t\t\t<div class=\"elementor-container elementor-column-gap-no\">\n\t\t\t\t\t<div class=\"elementor-column elementor-col-50 elementor-inner-column elementor-element elementor-element-35cb78d\" data-id=\"35cb78d\" data-element_type=\"column\">\n\t\t\t<div class=\"elementor-widget-wrap elementor-element-populated\">\n\t\t\t\t\t\t\t\t<div class=\"elementor-element elementor-element-a99d955 elementor-widget elementor-widget-heading\" data-id=\"a99d955\" data-element_type=\"widget\" data-widget_type=\"heading.default\">\n\t\t\t\t<div class=\"elementor-widget-container\">\n\t\t\t<style>\/*! elementor - v3.14.0 - 26-06-2023 *\/\n.elementor-heading-title{padding:0;margin:0;line-height:1}.elementor-widget-heading .elementor-heading-title[class*=elementor-size-]>a{color:inherit;font-size:inherit;line-height:inherit}.elementor-widget-heading .elementor-heading-title.elementor-size-small{font-size:15px}.elementor-widget-heading .elementor-heading-title.elementor-size-medium{font-size:19px}.elementor-widget-heading .elementor-heading-title.elementor-size-large{font-size:29px}.elementor-widget-heading .elementor-heading-title.elementor-size-xl{font-size:39px}.elementor-widget-heading .elementor-heading-title.elementor-size-xxl{font-size:59px}<\/style><h6 class=\"elementor-heading-title elementor-size-default\">Alpha Graphics<\/h6>\t\t<\/div>\n\t\t\t\t<\/div>\n\t\t\t\t<div class=\"elementor-element elementor-element-c0cf2eb elementor-widget elementor-widget-heading\" data-id=\"c0cf2eb\" data-element_type=\"widget\" data-widget_type=\"heading.default\">\n\t\t\t\t<div class=\"elementor-widget-container\">\n\t\t\t<h2 class=\"elementor-heading-title elementor-size-default\">Entscheiden Sie sich noch heute f\u00fcr eine bessere Zukunft<\/h2>\t\t<\/div>\n\t\t\t\t<\/div>\n\t\t\t\t<div class=\"elementor-element elementor-element-38f834a elementor-widget elementor-widget-text-editor\" data-id=\"38f834a\" data-element_type=\"widget\" data-widget_type=\"text-editor.default\">\n\t\t\t\t<div class=\"elementor-widget-container\">\n\t\t\t<style>\/*! elementor - v3.14.0 - 26-06-2023 *\/\n.elementor-widget-text-editor.elementor-drop-cap-view-stacked .elementor-drop-cap{background-color:#69727d;color:#fff}.elementor-widget-text-editor.elementor-drop-cap-view-framed .elementor-drop-cap{color:#69727d;border:3px solid;background-color:transparent}.elementor-widget-text-editor:not(.elementor-drop-cap-view-default) .elementor-drop-cap{margin-top:8px}.elementor-widget-text-editor:not(.elementor-drop-cap-view-default) .elementor-drop-cap-letter{width:1em;height:1em}.elementor-widget-text-editor .elementor-drop-cap{float:left;text-align:center;line-height:1;font-size:50px}.elementor-widget-text-editor .elementor-drop-cap-letter{display:inline-block}<\/style>\t\t\t\t<p>\u201eIn 5 Sekunden entsteht Kunststoff aus einem Produkt, das man 5 Minuten lang verwendet.\u201c Dieser Kunststoff zersetzt sich in 500 Jahren.\u201c<\/p><p>Frans Timmermans<br \/><small>(Vizepr\u00e4sident der Europ\u00e4ischen Kommissione )<\/small><\/p>\t\t\t\t\t\t<\/div>\n\t\t\t\t<\/div>\n\t\t\t\t\t<\/div>\n\t\t<\/div>\n\t\t\t\t<div class=\"elementor-column elementor-col-50 elementor-inner-column elementor-element elementor-element-6ed6a4a\" data-id=\"6ed6a4a\" data-element_type=\"column\">\n\t\t\t<div class=\"elementor-widget-wrap elementor-element-populated\">\n\t\t\t\t\t\t\t\t<div class=\"elementor-element elementor-element-3436226 elementor-widget elementor-widget-image\" data-id=\"3436226\" data-element_type=\"widget\" data-widget_type=\"image.default\">\n\t\t\t\t<div class=\"elementor-widget-container\">\n\t\t\t<style>\/*! elementor - v3.14.0 - 26-06-2023 *\/\n.elementor-widget-image{text-align:center}.elementor-widget-image a{display:inline-block}.elementor-widget-image a img[src$=\".svg\"]{width:48px}.elementor-widget-image img{vertical-align:middle;display:inline-block}<\/style>\t\t\t\t\t\t\t\t\t\t\t\t<img decoding=\"async\" width=\"1200\" height=\"801\" src=\"https:\/\/alphagraphics.ro\/wp-content\/uploads\/2023\/07\/pexels-singkham-1108572.jpg\" class=\"attachment-full size-full wp-image-1539\" alt=\"\" srcset=\"https:\/\/alphagraphics.ro\/wp-content\/uploads\/2023\/07\/pexels-singkham-1108572.jpg 1200w, https:\/\/alphagraphics.ro\/wp-content\/uploads\/2023\/07\/pexels-singkham-1108572-300x200.jpg 300w, https:\/\/alphagraphics.ro\/wp-content\/uploads\/2023\/07\/pexels-singkham-1108572-1024x684.jpg 1024w, https:\/\/alphagraphics.ro\/wp-content\/uploads\/2023\/07\/pexels-singkham-1108572-768x513.jpg 768w, https:\/\/alphagraphics.ro\/wp-content\/uploads\/2023\/07\/pexels-singkham-1108572-600x401.jpg 600w\" sizes=\"(max-width: 1200px) 100vw, 1200px\" \/>\t\t\t\t\t\t\t\t\t\t\t\t\t\t\t<\/div>\n\t\t\t\t<\/div>\n\t\t\t\t\t<\/div>\n\t\t<\/div>\n\t\t\t\t\t\t\t<\/div>\n\t\t<\/section>\n\t\t\t\t\t<\/div>\n\t\t<\/div>\n\t\t\t\t\t\t\t<\/div>\n\t\t<\/section>\n\t\t\t\t<section class=\"elementor-section elementor-top-section elementor-element elementor-element-7d8a4d6 elementor-section-boxed elementor-section-height-default elementor-section-height-default\" data-id=\"7d8a4d6\" data-element_type=\"section\" data-settings=\"{&quot;background_background&quot;:&quot;classic&quot;}\">\n\t\t\t\t\t\t\t<div class=\"elementor-background-overlay\"><\/div>\n\t\t\t\t\t\t\t<div class=\"elementor-container elementor-column-gap-no\">\n\t\t\t\t\t<div class=\"elementor-column elementor-col-100 elementor-top-column elementor-element elementor-element-15587cb\" data-id=\"15587cb\" data-element_type=\"column\">\n\t\t\t<div class=\"elementor-widget-wrap elementor-element-populated\">\n\t\t\t\t\t\t\t\t<div class=\"elementor-element elementor-element-21bf9c8 elementor-widget elementor-widget-heading\" data-id=\"21bf9c8\" data-element_type=\"widget\" data-widget_type=\"heading.default\">\n\t\t\t\t<div class=\"elementor-widget-container\">\n\t\t\t<h2 class=\"elementor-heading-title elementor-size-default\">Entscheiden Sie sich daf\u00fcr, sich aktiv an der Reduzierung von Plastikm\u00fcll zu beteiligen, ohne Abstriche bei der Qualit\u00e4t Ihrer Produkte machen zu m\u00fcssen!<\/h2>\t\t<\/div>\n\t\t\t\t<\/div>\n\t\t\t\t<div class=\"elementor-element elementor-element-e93902a elementor-widget elementor-widget-text-editor\" data-id=\"e93902a\" data-element_type=\"widget\" data-widget_type=\"text-editor.default\">\n\t\t\t\t<div class=\"elementor-widget-container\">\n\t\t\t\t\t\t\t<div class=\"page\" title=\"Page 1\"><div class=\"section\"><div class=\"layoutArea\"><div class=\"column\"><p>Tag f\u00fcr Tag angeheizt mit Vorw\u00e4nden wie \u201eDas ist nicht mein Problem\u201c oder \u201eEin einziges St\u00fcck Papier kann das Schicksal der Menschheit nicht \u00e4ndern\u201c hat sich die Krise der globalen Erw\u00e4rmung immer weiter versch\u00e4rft.<\/p><\/div><\/div><\/div><\/div>\t\t\t\t\t\t<\/div>\n\t\t\t\t<\/div>\n\t\t\t\t\t<\/div>\n\t\t<\/div>\n\t\t\t\t\t\t\t<\/div>\n\t\t<\/section>\n\t\t\t\t<section class=\"elementor-section elementor-top-section elementor-element elementor-element-501a97c elementor-section-boxed elementor-section-height-default elementor-section-height-default\" data-id=\"501a97c\" data-element_type=\"section\">\n\t\t\t\t\t\t<div class=\"elementor-container elementor-column-gap-no\">\n\t\t\t\t\t<div class=\"elementor-column elementor-col-100 elementor-top-column elementor-element elementor-element-d997001\" data-id=\"d997001\" data-element_type=\"column\">\n\t\t\t<div class=\"elementor-widget-wrap elementor-element-populated\">\n\t\t\t\t\t\t\t\t<section class=\"elementor-section elementor-inner-section elementor-element elementor-element-28aaf74 elementor-section-content-middle elementor-reverse-tablet elementor-reverse-mobile elementor-section-boxed elementor-section-height-default elementor-section-height-default\" data-id=\"28aaf74\" data-element_type=\"section\">\n\t\t\t\t\t\t<div class=\"elementor-container elementor-column-gap-no\">\n\t\t\t\t\t<div class=\"elementor-column elementor-col-50 elementor-inner-column elementor-element elementor-element-f5aa96c\" data-id=\"f5aa96c\" data-element_type=\"column\">\n\t\t\t<div class=\"elementor-widget-wrap elementor-element-populated\">\n\t\t\t\t\t\t\t\t<div class=\"elementor-element elementor-element-05721e5 elementor-widget elementor-widget-image\" data-id=\"05721e5\" data-element_type=\"widget\" data-widget_type=\"image.default\">\n\t\t\t\t<div class=\"elementor-widget-container\">\n\t\t\t\t\t\t\t\t\t\t\t\t\t\t\t<img decoding=\"async\" width=\"1200\" height=\"800\" src=\"https:\/\/alphagraphics.ro\/wp-content\/uploads\/2023\/07\/pexels-felix-mittermeier-957024.jpg\" class=\"attachment-full size-full wp-image-1540\" alt=\"\" srcset=\"https:\/\/alphagraphics.ro\/wp-content\/uploads\/2023\/07\/pexels-felix-mittermeier-957024.jpg 1200w, https:\/\/alphagraphics.ro\/wp-content\/uploads\/2023\/07\/pexels-felix-mittermeier-957024-300x200.jpg 300w, https:\/\/alphagraphics.ro\/wp-content\/uploads\/2023\/07\/pexels-felix-mittermeier-957024-1024x683.jpg 1024w, https:\/\/alphagraphics.ro\/wp-content\/uploads\/2023\/07\/pexels-felix-mittermeier-957024-768x512.jpg 768w, https:\/\/alphagraphics.ro\/wp-content\/uploads\/2023\/07\/pexels-felix-mittermeier-957024-600x400.jpg 600w\" sizes=\"(max-width: 1200px) 100vw, 1200px\" \/>\t\t\t\t\t\t\t\t\t\t\t\t\t\t\t<\/div>\n\t\t\t\t<\/div>\n\t\t\t\t\t<\/div>\n\t\t<\/div>\n\t\t\t\t<div class=\"elementor-column elementor-col-50 elementor-inner-column elementor-element elementor-element-4d4a2f7\" data-id=\"4d4a2f7\" data-element_type=\"column\">\n\t\t\t<div class=\"elementor-widget-wrap elementor-element-populated\">\n\t\t\t\t\t\t\t\t<div class=\"elementor-element elementor-element-a6a41d8 elementor-widget elementor-widget-heading\" data-id=\"a6a41d8\" data-element_type=\"widget\" data-widget_type=\"heading.default\">\n\t\t\t\t<div class=\"elementor-widget-container\">\n\t\t\t<h6 class=\"elementor-heading-title elementor-size-default\">Alpha Graphics<\/h6>\t\t<\/div>\n\t\t\t\t<\/div>\n\t\t\t\t<div class=\"elementor-element elementor-element-4eac1b4 elementor-widget elementor-widget-heading\" data-id=\"4eac1b4\" data-element_type=\"widget\" data-widget_type=\"heading.default\">\n\t\t\t\t<div class=\"elementor-widget-container\">\n\t\t\t<h2 class=\"elementor-heading-title elementor-size-default\">Seien Sie Teil der Ver\u00e4nderung<\/h2>\t\t<\/div>\n\t\t\t\t<\/div>\n\t\t\t\t<div class=\"elementor-element elementor-element-d83bec6 elementor-widget elementor-widget-text-editor\" data-id=\"d83bec6\" data-element_type=\"widget\" data-widget_type=\"text-editor.default\">\n\t\t\t\t<div class=\"elementor-widget-container\">\n\t\t\t\t\t\t\t<div class=\"page\" title=\"Page 1\"><div class=\"section\"><div class=\"layoutArea\"><div class=\"column\"><p>Im vergangenen Jahr haben die Regierungen der Welt damit begonnen, neue Gesetze zu erlassen, um die verheerenden Auswirkungen des extremen Konsumismus zu mildern, aus der moralischen Verpflichtung heraus, k\u00fcnftigen Generationen eine sauberere Welt zu hinterlassen. Dadurch wird sich unsere Gesellschaft immer st\u00e4rker der Auswirkungen bewusst, die sie auf die Umwelt hat.<\/p><\/div><\/div><\/div><\/div>\t\t\t\t\t\t<\/div>\n\t\t\t\t<\/div>\n\t\t\t\t\t<\/div>\n\t\t<\/div>\n\t\t\t\t\t\t\t<\/div>\n\t\t<\/section>\n\t\t\t\t\t<\/div>\n\t\t<\/div>\n\t\t\t\t\t\t\t<\/div>\n\t\t<\/section>\n\t\t\t\t<section class=\"elementor-section elementor-top-section elementor-element elementor-element-17a7d47 elementor-section-boxed elementor-section-height-default elementor-section-height-default\" data-id=\"17a7d47\" data-element_type=\"section\">\n\t\t\t\t\t\t<div class=\"elementor-container elementor-column-gap-no\">\n\t\t\t\t\t<div class=\"elementor-column elementor-col-100 elementor-top-column elementor-element elementor-element-f93110a\" data-id=\"f93110a\" data-element_type=\"column\">\n\t\t\t<div class=\"elementor-widget-wrap elementor-element-populated\">\n\t\t\t\t\t\t\t\t<section class=\"elementor-section elementor-inner-section elementor-element elementor-element-7687553 elementor-section-content-middle elementor-reverse-tablet elementor-reverse-mobile elementor-section-boxed elementor-section-height-default elementor-section-height-default\" data-id=\"7687553\" data-element_type=\"section\">\n\t\t\t\t\t\t<div class=\"elementor-container elementor-column-gap-no\">\n\t\t\t\t\t<div class=\"elementor-column elementor-col-100 elementor-inner-column elementor-element elementor-element-69c18d2\" data-id=\"69c18d2\" data-element_type=\"column\">\n\t\t\t<div class=\"elementor-widget-wrap elementor-element-populated\">\n\t\t\t\t\t\t\t\t<div class=\"elementor-element elementor-element-8d43073 elementor-widget elementor-widget-text-editor\" data-id=\"8d43073\" data-element_type=\"widget\" data-widget_type=\"text-editor.default\">\n\t\t\t\t<div class=\"elementor-widget-container\">\n\t\t\t\t\t\t\t<div class=\"page\" title=\"Page 1\"><div class=\"section\"><div class=\"layoutArea\"><div class=\"column\"><div class=\"page\" title=\"Page 1\"><div class=\"section\"><div class=\"layoutArea\"><div class=\"column\"><p>Wussten Sie, dass f\u00fcr die Herstellung einer Druckerpatrone 3,7 Liter \u00d6l ben\u00f6tigt werden? Oder dass j\u00e4hrlich mehr als 400 Millionen Einwegkartuschen verbraucht werden?<\/p><p>Durch die Verwendung einer wiederaufbereiteten Kartusche von Alpha Graphics tragen Sie dazu bei, bis zu 50 % des Plastikm\u00fclls zu reduzieren, der durch eine neue Einwegkartusche entsteht.<\/p><p>Die wiederaufbereiteten Patronen von Alpha Graphics werden recycelt, mit den besten Komponenten aufbereitet und unter OEM-\u00e4hnlichen Bedingungen getestet und zertifiziert.<\/p><\/div><\/div><\/div><\/div><\/div><\/div><\/div><\/div>\t\t\t\t\t\t<\/div>\n\t\t\t\t<\/div>\n\t\t\t\t<div class=\"elementor-element elementor-element-e5bd64e elementor-align-left elementor-widget elementor-widget-button\" data-id=\"e5bd64e\" data-element_type=\"widget\" data-widget_type=\"button.default\">\n\t\t\t\t<div class=\"elementor-widget-container\">\n\t\t\t\t\t<div class=\"elementor-button-wrapper\">\n\t\t\t<a class=\"elementor-button elementor-button-link elementor-size-sm\" href=\"\/produse\">\n\t\t\t\t\t\t<span class=\"elementor-button-content-wrapper\">\n\t\t\t\t\t\t<span class=\"elementor-button-text\">Sehen Sie sich die Produkte an<\/span>\n\t\t<\/span>\n\t\t\t\t\t<\/a>\n\t\t<\/div>\n\t\t\t\t<\/div>\n\t\t\t\t<\/div>\n\t\t\t\t\t<\/div>\n\t\t<\/div>\n\t\t\t\t\t\t\t<\/div>\n\t\t<\/section>\n\t\t\t\t\t<\/div>\n\t\t<\/div>\n\t\t\t\t\t\t\t<\/div>\n\t\t<\/section>\n\t\t\t\t\t\t\t<\/div>\n\t\t","protected":false},"excerpt":{"rendered":"<p>Alpha Graphics Entscheiden Sie sich noch heute f\u00fcr eine bessere Zukunft \u201eIn 5 Sekunden entsteht Kunststoff aus einem Produkt, das man 5 Minuten lang verwendet.\u201c Dieser Kunststoff zersetzt sich in 500 Jahren.\u201c Frans Timmermans(Vizepr\u00e4sident der Europ\u00e4ischen Kommissione ) Entscheiden Sie sich daf\u00fcr, sich aktiv an der Reduzierung von Plastikm\u00fcll zu beteiligen, ohne Abstriche bei der &hellip;<\/p>\n<p class=\"read-more\"> <a class=\"\" href=\"https:\/\/alphagraphics.ro\/de\/gruene-politik\/\"> <span class=\"screen-reader-text\">Gr\u00fcne Politik<\/span> Weiterlesen &raquo;<\/a><\/p>\n","protected":false},"author":1,"featured_media":0,"parent":0,"menu_order":0,"comment_status":"closed","ping_status":"closed","template":"","meta":{"_acf_changed":false,"site-sidebar-layout":"no-sidebar","site-content-layout":"page-builder","ast-global-header-display":"","ast-main-header-display":"","ast-hfb-above-header-display":"","ast-hfb-below-header-display":"","ast-hfb-mobile-header-display":"","site-post-title":"disabled","ast-breadcrumbs-content":"","ast-featured-img":"disabled","footer-sml-layout":"","theme-transparent-header-meta":"default","adv-header-id-meta":"","stick-header-meta":"","header-above-stick-meta":"","header-main-stick-meta":"","header-below-stick-meta":"","footnotes":""},"class_list":["post-2319","page","type-page","status-publish","hentry"],"acf":[],"yoast_head":"<!-- This site is optimized with the Yoast SEO plugin v27.3 - https:\/\/yoast.com\/product\/yoast-seo-wordpress\/ -->\n<title>Gr\u00fcne Politik - Alpha Graphics<\/title>\n<meta name=\"robots\" content=\"index, follow, max-snippet:-1, max-image-preview:large, max-video-preview:-1\" \/>\n<link rel=\"canonical\" href=\"https:\/\/alphagraphics.ro\/de\/gruene-politik\/\" \/>\n<meta property=\"og:locale\" content=\"de_DE\" \/>\n<meta property=\"og:type\" content=\"article\" \/>\n<meta property=\"og:title\" content=\"Gr\u00fcne Politik - Alpha Graphics\" \/>\n<meta property=\"og:description\" content=\"Alpha Graphics Entscheiden Sie sich noch heute f\u00fcr eine bessere Zukunft \u201eIn 5 Sekunden entsteht Kunststoff aus einem Produkt, das man 5 Minuten lang verwendet.\u201c Dieser Kunststoff zersetzt sich in 500 Jahren.\u201c Frans Timmermans(Vizepr\u00e4sident der Europ\u00e4ischen Kommissione ) Entscheiden Sie sich daf\u00fcr, sich aktiv an der Reduzierung von Plastikm\u00fcll zu beteiligen, ohne Abstriche bei der &hellip; Gr\u00fcne Politik Weiterlesen &raquo;\" \/>\n<meta property=\"og:url\" content=\"https:\/\/alphagraphics.ro\/de\/gruene-politik\/\" \/>\n<meta property=\"og:site_name\" content=\"Alpha Graphics\" \/>\n<meta property=\"article:modified_time\" content=\"2023-08-17T12:11:46+00:00\" \/>\n<meta property=\"og:image\" content=\"https:\/\/alphagraphics.ro\/wp-content\/uploads\/2023\/07\/pexels-singkham-1108572.jpg\" \/>\n<meta name=\"twitter:card\" content=\"summary_large_image\" \/>\n<meta name=\"twitter:label1\" content=\"Gesch\u00e4tzte Lesezeit\" \/>\n\t<meta name=\"twitter:data1\" content=\"2\u00a0Minuten\" \/>\n<script type=\"application\/ld+json\" class=\"yoast-schema-graph\">{\"@context\":\"https:\\\/\\\/schema.org\",\"@graph\":[{\"@type\":\"WebPage\",\"@id\":\"https:\\\/\\\/alphagraphics.ro\\\/de\\\/gruene-politik\\\/\",\"url\":\"https:\\\/\\\/alphagraphics.ro\\\/de\\\/gruene-politik\\\/\",\"name\":\"Gr\u00fcne Politik - Alpha Graphics\",\"isPartOf\":{\"@id\":\"https:\\\/\\\/alphagraphics.ro\\\/#website\"},\"primaryImageOfPage\":{\"@id\":\"https:\\\/\\\/alphagraphics.ro\\\/de\\\/gruene-politik\\\/#primaryimage\"},\"image\":{\"@id\":\"https:\\\/\\\/alphagraphics.ro\\\/de\\\/gruene-politik\\\/#primaryimage\"},\"thumbnailUrl\":\"https:\\\/\\\/alphagraphics.ro\\\/wp-content\\\/uploads\\\/2023\\\/07\\\/pexels-singkham-1108572.jpg\",\"datePublished\":\"2020-09-28T06:26:01+00:00\",\"dateModified\":\"2023-08-17T12:11:46+00:00\",\"breadcrumb\":{\"@id\":\"https:\\\/\\\/alphagraphics.ro\\\/de\\\/gruene-politik\\\/#breadcrumb\"},\"inLanguage\":\"de\",\"potentialAction\":[{\"@type\":\"ReadAction\",\"target\":[\"https:\\\/\\\/alphagraphics.ro\\\/de\\\/gruene-politik\\\/\"]}]},{\"@type\":\"ImageObject\",\"inLanguage\":\"de\",\"@id\":\"https:\\\/\\\/alphagraphics.ro\\\/de\\\/gruene-politik\\\/#primaryimage\",\"url\":\"https:\\\/\\\/alphagraphics.ro\\\/wp-content\\\/uploads\\\/2023\\\/07\\\/pexels-singkham-1108572.jpg\",\"contentUrl\":\"https:\\\/\\\/alphagraphics.ro\\\/wp-content\\\/uploads\\\/2023\\\/07\\\/pexels-singkham-1108572.jpg\"},{\"@type\":\"BreadcrumbList\",\"@id\":\"https:\\\/\\\/alphagraphics.ro\\\/de\\\/gruene-politik\\\/#breadcrumb\",\"itemListElement\":[{\"@type\":\"ListItem\",\"position\":1,\"name\":\"Prima pagin\u0103\",\"item\":\"https:\\\/\\\/alphagraphics.ro\\\/de\\\/\"},{\"@type\":\"ListItem\",\"position\":2,\"name\":\"Gr\u00fcne Politik\"}]},{\"@type\":\"WebSite\",\"@id\":\"https:\\\/\\\/alphagraphics.ro\\\/#website\",\"url\":\"https:\\\/\\\/alphagraphics.ro\\\/\",\"name\":\"Alpha Graphics\",\"description\":\"Decide azi pentru un viitor mai bun\",\"publisher\":{\"@id\":\"https:\\\/\\\/alphagraphics.ro\\\/#organization\"},\"potentialAction\":[{\"@type\":\"SearchAction\",\"target\":{\"@type\":\"EntryPoint\",\"urlTemplate\":\"https:\\\/\\\/alphagraphics.ro\\\/?s={search_term_string}\"},\"query-input\":{\"@type\":\"PropertyValueSpecification\",\"valueRequired\":true,\"valueName\":\"search_term_string\"}}],\"inLanguage\":\"de\"},{\"@type\":\"Organization\",\"@id\":\"https:\\\/\\\/alphagraphics.ro\\\/#organization\",\"name\":\"Alpha Graphics\",\"url\":\"https:\\\/\\\/alphagraphics.ro\\\/\",\"logo\":{\"@type\":\"ImageObject\",\"inLanguage\":\"de\",\"@id\":\"https:\\\/\\\/alphagraphics.ro\\\/#\\\/schema\\\/logo\\\/image\\\/\",\"url\":\"https:\\\/\\\/alphagraphics.ro\\\/wp-content\\\/uploads\\\/2023\\\/02\\\/alpha-graphics-logo.png\",\"contentUrl\":\"https:\\\/\\\/alphagraphics.ro\\\/wp-content\\\/uploads\\\/2023\\\/02\\\/alpha-graphics-logo.png\",\"width\":520,\"height\":73,\"caption\":\"Alpha Graphics\"},\"image\":{\"@id\":\"https:\\\/\\\/alphagraphics.ro\\\/#\\\/schema\\\/logo\\\/image\\\/\"}}]}<\/script>\n<!-- \/ Yoast SEO plugin. -->","yoast_head_json":{"title":"Gr\u00fcne Politik - Alpha Graphics","robots":{"index":"index","follow":"follow","max-snippet":"max-snippet:-1","max-image-preview":"max-image-preview:large","max-video-preview":"max-video-preview:-1"},"canonical":"https:\/\/alphagraphics.ro\/de\/gruene-politik\/","og_locale":"de_DE","og_type":"article","og_title":"Gr\u00fcne Politik - Alpha Graphics","og_description":"Alpha Graphics Entscheiden Sie sich noch heute f\u00fcr eine bessere Zukunft \u201eIn 5 Sekunden entsteht Kunststoff aus einem Produkt, das man 5 Minuten lang verwendet.\u201c Dieser Kunststoff zersetzt sich in 500 Jahren.\u201c Frans Timmermans(Vizepr\u00e4sident der Europ\u00e4ischen Kommissione ) Entscheiden Sie sich daf\u00fcr, sich aktiv an der Reduzierung von Plastikm\u00fcll zu beteiligen, ohne Abstriche bei der &hellip; Gr\u00fcne Politik Weiterlesen &raquo;","og_url":"https:\/\/alphagraphics.ro\/de\/gruene-politik\/","og_site_name":"Alpha Graphics","article_modified_time":"2023-08-17T12:11:46+00:00","og_image":[{"url":"https:\/\/alphagraphics.ro\/wp-content\/uploads\/2023\/07\/pexels-singkham-1108572.jpg","type":"","width":"","height":""}],"twitter_card":"summary_large_image","twitter_misc":{"Gesch\u00e4tzte Lesezeit":"2\u00a0Minuten"},"schema":{"@context":"https:\/\/schema.org","@graph":[{"@type":"WebPage","@id":"https:\/\/alphagraphics.ro\/de\/gruene-politik\/","url":"https:\/\/alphagraphics.ro\/de\/gruene-politik\/","name":"Gr\u00fcne Politik - Alpha Graphics","isPartOf":{"@id":"https:\/\/alphagraphics.ro\/#website"},"primaryImageOfPage":{"@id":"https:\/\/alphagraphics.ro\/de\/gruene-politik\/#primaryimage"},"image":{"@id":"https:\/\/alphagraphics.ro\/de\/gruene-politik\/#primaryimage"},"thumbnailUrl":"https:\/\/alphagraphics.ro\/wp-content\/uploads\/2023\/07\/pexels-singkham-1108572.jpg","datePublished":"2020-09-28T06:26:01+00:00","dateModified":"2023-08-17T12:11:46+00:00","breadcrumb":{"@id":"https:\/\/alphagraphics.ro\/de\/gruene-politik\/#breadcrumb"},"inLanguage":"de","potentialAction":[{"@type":"ReadAction","target":["https:\/\/alphagraphics.ro\/de\/gruene-politik\/"]}]},{"@type":"ImageObject","inLanguage":"de","@id":"https:\/\/alphagraphics.ro\/de\/gruene-politik\/#primaryimage","url":"https:\/\/alphagraphics.ro\/wp-content\/uploads\/2023\/07\/pexels-singkham-1108572.jpg","contentUrl":"https:\/\/alphagraphics.ro\/wp-content\/uploads\/2023\/07\/pexels-singkham-1108572.jpg"},{"@type":"BreadcrumbList","@id":"https:\/\/alphagraphics.ro\/de\/gruene-politik\/#breadcrumb","itemListElement":[{"@type":"ListItem","position":1,"name":"Prima pagin\u0103","item":"https:\/\/alphagraphics.ro\/de\/"},{"@type":"ListItem","position":2,"name":"Gr\u00fcne Politik"}]},{"@type":"WebSite","@id":"https:\/\/alphagraphics.ro\/#website","url":"https:\/\/alphagraphics.ro\/","name":"Alpha Graphics","description":"Decide azi pentru un viitor mai bun","publisher":{"@id":"https:\/\/alphagraphics.ro\/#organization"},"potentialAction":[{"@type":"SearchAction","target":{"@type":"EntryPoint","urlTemplate":"https:\/\/alphagraphics.ro\/?s={search_term_string}"},"query-input":{"@type":"PropertyValueSpecification","valueRequired":true,"valueName":"search_term_string"}}],"inLanguage":"de"},{"@type":"Organization","@id":"https:\/\/alphagraphics.ro\/#organization","name":"Alpha Graphics","url":"https:\/\/alphagraphics.ro\/","logo":{"@type":"ImageObject","inLanguage":"de","@id":"https:\/\/alphagraphics.ro\/#\/schema\/logo\/image\/","url":"https:\/\/alphagraphics.ro\/wp-content\/uploads\/2023\/02\/alpha-graphics-logo.png","contentUrl":"https:\/\/alphagraphics.ro\/wp-content\/uploads\/2023\/02\/alpha-graphics-logo.png","width":520,"height":73,"caption":"Alpha Graphics"},"image":{"@id":"https:\/\/alphagraphics.ro\/#\/schema\/logo\/image\/"}}]}},"_links":{"self":[{"href":"https:\/\/alphagraphics.ro\/de\/wp-json\/wp\/v2\/pages\/2319","targetHints":{"allow":["GET"]}}],"collection":[{"href":"https:\/\/alphagraphics.ro\/de\/wp-json\/wp\/v2\/pages"}],"about":[{"href":"https:\/\/alphagraphics.ro\/de\/wp-json\/wp\/v2\/types\/page"}],"author":[{"embeddable":true,"href":"https:\/\/alphagraphics.ro\/de\/wp-json\/wp\/v2\/users\/1"}],"replies":[{"embeddable":true,"href":"https:\/\/alphagraphics.ro\/de\/wp-json\/wp\/v2\/comments?post=2319"}],"version-history":[{"count":5,"href":"https:\/\/alphagraphics.ro\/de\/wp-json\/wp\/v2\/pages\/2319\/revisions"}],"predecessor-version":[{"id":2330,"href":"https:\/\/alphagraphics.ro\/de\/wp-json\/wp\/v2\/pages\/2319\/revisions\/2330"}],"wp:attachment":[{"href":"https:\/\/alphagraphics.ro\/de\/wp-json\/wp\/v2\/media?parent=2319"}],"curies":[{"name":"wp","href":"https:\/\/api.w.org\/{rel}","templated":true}]}}