{"id":2305,"date":"2023-07-16T08:59:43","date_gmt":"2023-07-16T05:59:43","guid":{"rendered":"https:\/\/alphagraphics.ro\/cookies\/"},"modified":"2023-08-17T14:59:23","modified_gmt":"2023-08-17T11:59:23","slug":"cookies","status":"publish","type":"page","link":"https:\/\/alphagraphics.ro\/de\/cookies\/","title":{"rendered":"Cookies"},"content":{"rendered":"\t\t<div data-elementor-type=\"wp-page\" data-elementor-id=\"2305\" class=\"elementor elementor-2305 elementor-484\" data-elementor-post-type=\"page\">\n\t\t\t\t\t\t\t\t\t<section class=\"elementor-section elementor-top-section elementor-element elementor-element-7e2f08e elementor-section-boxed elementor-section-height-default elementor-section-height-default\" data-id=\"7e2f08e\" data-element_type=\"section\">\n\t\t\t\t\t\t<div class=\"elementor-container elementor-column-gap-default\">\n\t\t\t\t\t<div class=\"elementor-column elementor-col-100 elementor-top-column elementor-element elementor-element-182dd17\" data-id=\"182dd17\" data-element_type=\"column\">\n\t\t\t<div class=\"elementor-widget-wrap elementor-element-populated\">\n\t\t\t\t\t\t\t\t<div class=\"elementor-element elementor-element-779e03b elementor-widget elementor-widget-text-editor\" data-id=\"779e03b\" data-element_type=\"widget\" data-widget_type=\"text-editor.default\">\n\t\t\t\t<div class=\"elementor-widget-container\">\n\t\t\t<style>\/*! elementor - v3.14.0 - 26-06-2023 *\/\n.elementor-widget-text-editor.elementor-drop-cap-view-stacked .elementor-drop-cap{background-color:#69727d;color:#fff}.elementor-widget-text-editor.elementor-drop-cap-view-framed .elementor-drop-cap{color:#69727d;border:3px solid;background-color:transparent}.elementor-widget-text-editor:not(.elementor-drop-cap-view-default) .elementor-drop-cap{margin-top:8px}.elementor-widget-text-editor:not(.elementor-drop-cap-view-default) .elementor-drop-cap-letter{width:1em;height:1em}.elementor-widget-text-editor .elementor-drop-cap{float:left;text-align:center;line-height:1;font-size:50px}.elementor-widget-text-editor .elementor-drop-cap-letter{display:inline-block}<\/style>\t\t\t\t<h5>Was sind Cookies?<\/h5><p>Ein Cookie ist eine kleine Textdatei, die auf Ihrem Computer oder Mobilger\u00e4t gespeichert wird, wenn Sie eine Website besuchen. Dank Cookies speichert die Website f\u00fcr einen bestimmten Zeitraum Ihre Aktionen und Pr\u00e4ferenzen (z. B. Login, Sprache, Zeichengr\u00f6\u00dfe und andere Anzeigepr\u00e4ferenzen). Sie m\u00fcssen sie also nicht jedes Mal erneut eingeben, wenn Sie zur Website zur\u00fcckkehren oder von einer Seite zur anderen navigieren.<\/p><h5>Welche Cookies verwenden wir?<\/h5><p>Wir verwenden zwei Arten von Cookies: pro Sitzung und fest. Bei den ersten handelt es sich um tempor\u00e4re Dateien, die bis zum Ende der Sitzung oder bis zum Schlie\u00dfen der Anwendung (Webbrowser) im Terminal des Benutzers verbleiben. Die festen Dateien verbleiben f\u00fcr einen bestimmten Zeitraum in den Cookie-Parametern auf dem Endger\u00e4t des Benutzers oder bis sie vom Benutzer manuell gel\u00f6scht werden.<\/p><h5>Wie werden Cookies von dieser Website verwendet?<\/h5><p>Beim Besuch dieser Website k\u00f6nnen die folgenden Cookies platziert werden:<\/p><p>Website-Performance-Cookies<br \/>Cookies zur Besucheranalyse<br \/>Cookies f\u00fcr Geotargeting<br \/>Registrierungscookies<br \/>Cookies f\u00fcr Werbung<br \/>Cookies von Werbeanbietern<br \/>Cookies l\u00f6schen<\/p><p>Sie k\u00f6nnen Cookies nach Belieben kontrollieren und\/oder l\u00f6schen \u2013 Einzelheiten finden Sie unter aboutcookies.org. Sie k\u00f6nnen alle Cookies von Ihrem Computer l\u00f6schen und die meisten Browser so einstellen, dass deren Platzierung blockiert wird. Wenn Sie dies tun, m\u00fcssen Sie m\u00f6glicherweise bei jedem Besuch der Website einige Einstellungen manuell festlegen. Au\u00dferdem funktionieren einige Dienste oder Optionen m\u00f6glicherweise nicht.<\/p><h5>Warum sind Cookies f\u00fcr das Internet wichtig?<\/h5><p>Cookies sind der zentrale Punkt f\u00fcr das effiziente Funktionieren des Internets und tragen dazu bei, ein benutzerfreundliches Surferlebnis zu schaffen, das an die Vorlieben und Interessen jedes Benutzers angepasst ist. Das Ablehnen oder Deaktivieren von Cookies kann dazu f\u00fchren, dass einige Websites nicht mehr genutzt werden k\u00f6nnen.<\/p><p>Das Ablehnen oder Deaktivieren von Cookies bedeutet nicht, dass Sie keiner Online-Werbung mehr ausgesetzt sind \u2013 sondern nur, dass Ihre Pr\u00e4ferenzen und Interessen, die sich in Ihrem Surfverhalten widerspiegeln, nicht mehr ber\u00fccksichtigt werden k\u00f6nnen.<\/p><h5>N\u00fctzliche Links<\/h5><p>Es besteht die M\u00f6glichkeit, im Browser die notwendigen Einstellungen vorzunehmen, sodass diese Cookies nicht mehr akzeptiert werden, oder Sie k\u00f6nnen den Browser so einstellen, dass er Cookies von einer bestimmten Website akzeptiert.<\/p><p>Alle modernen Browser bieten die M\u00f6glichkeit, die Cookie-Einstellungen zu \u00e4ndern. Diese Einstellungen finden Sie normalerweise im Men\u00fc \u201eOptionen\u201c oder \u201eEinstellungen\u201c Ihres Browsers.<\/p><p>Um diese Einstellungen zu verstehen, k\u00f6nnen die folgenden Links hilfreich sein, ansonsten k\u00f6nnen Sie die \u201eHilfe\u201c-Option Ihres Browsers f\u00fcr weitere Details nutzen.<\/p><p><strong><a href=\"https:\/\/support.microsoft.com\/en-us\/help\/4027947\/microsoft-edge-delete-cookies\">Cookie-Einstellungen in Edge<\/a><\/strong><\/p><p><strong><a href=\"https:\/\/support.mozilla.org\/en-US\/kb\/cookies-information-websites-store-on-your-computer?redirectlocale=en-US&amp;redirectslug=Cookies\">Cookie-Einstellungen in Firefox<\/a><\/strong><\/p><p><strong><a href=\"https:\/\/support.google.com\/chrome\/answer\/95647?hl=en\">Cookie-Einstellungen in Chrome<\/a><\/strong><\/p><p><strong><a href=\"http:\/\/support.apple.com\/kb\/PH5042\">Cookie-Einstellungen in Safari<\/a><\/strong><\/p><p><strong>Informationen zu den Einstellungen von Cookies, die von Dritten generiert werden, finden Sie auch <a href=\"https:\/\/www.youronlinechoices.com\/de\/\">hier<\/a>.<\/strong><\/p>\t\t\t\t\t\t<\/div>\n\t\t\t\t<\/div>\n\t\t\t\t\t<\/div>\n\t\t<\/div>\n\t\t\t\t\t\t\t<\/div>\n\t\t<\/section>\n\t\t\t\t\t\t\t<\/div>\n\t\t","protected":false},"excerpt":{"rendered":"<p>Was sind Cookies? Ein Cookie ist eine kleine Textdatei, die auf Ihrem Computer oder Mobilger\u00e4t gespeichert wird, wenn Sie eine Website besuchen. Dank Cookies speichert die Website f\u00fcr einen bestimmten Zeitraum Ihre Aktionen und Pr\u00e4ferenzen (z. B. Login, Sprache, Zeichengr\u00f6\u00dfe und andere Anzeigepr\u00e4ferenzen). Sie m\u00fcssen sie also nicht jedes Mal erneut eingeben, wenn Sie zur &hellip;<\/p>\n<p class=\"read-more\"> <a class=\"\" href=\"https:\/\/alphagraphics.ro\/de\/cookies\/\"> <span class=\"screen-reader-text\">Cookies<\/span> Weiterlesen &raquo;<\/a><\/p>\n","protected":false},"author":1,"featured_media":0,"parent":0,"menu_order":0,"comment_status":"closed","ping_status":"closed","template":"","meta":{"_acf_changed":false,"site-sidebar-layout":"no-sidebar","site-content-layout":"page-builder","ast-global-header-display":"","ast-main-header-display":"","ast-hfb-above-header-display":"","ast-hfb-below-header-display":"","ast-hfb-mobile-header-display":"","site-post-title":"disabled","ast-breadcrumbs-content":"","ast-featured-img":"disabled","footer-sml-layout":"","theme-transparent-header-meta":"","adv-header-id-meta":"","stick-header-meta":"","header-above-stick-meta":"","header-main-stick-meta":"","header-below-stick-meta":"","footnotes":""},"class_list":["post-2305","page","type-page","status-publish","hentry"],"acf":[],"yoast_head":"<!-- This site is optimized with the Yoast SEO plugin v27.3 - https:\/\/yoast.com\/product\/yoast-seo-wordpress\/ -->\n<title>Cookies - Alpha Graphics<\/title>\n<meta name=\"robots\" content=\"index, follow, max-snippet:-1, max-image-preview:large, max-video-preview:-1\" \/>\n<link rel=\"canonical\" href=\"https:\/\/alphagraphics.ro\/de\/cookies\/\" \/>\n<meta property=\"og:locale\" content=\"de_DE\" \/>\n<meta property=\"og:type\" content=\"article\" \/>\n<meta property=\"og:title\" content=\"Cookies - Alpha Graphics\" \/>\n<meta property=\"og:description\" content=\"Was sind Cookies? Ein Cookie ist eine kleine Textdatei, die auf Ihrem Computer oder Mobilger\u00e4t gespeichert wird, wenn Sie eine Website besuchen. Dank Cookies speichert die Website f\u00fcr einen bestimmten Zeitraum Ihre Aktionen und Pr\u00e4ferenzen (z. B. Login, Sprache, Zeichengr\u00f6\u00dfe und andere Anzeigepr\u00e4ferenzen). Sie m\u00fcssen sie also nicht jedes Mal erneut eingeben, wenn Sie zur &hellip; Cookies Weiterlesen &raquo;\" \/>\n<meta property=\"og:url\" content=\"https:\/\/alphagraphics.ro\/de\/cookies\/\" \/>\n<meta property=\"og:site_name\" content=\"Alpha Graphics\" \/>\n<meta property=\"article:modified_time\" content=\"2023-08-17T11:59:23+00:00\" \/>\n<meta name=\"twitter:card\" content=\"summary_large_image\" \/>\n<meta name=\"twitter:label1\" content=\"Gesch\u00e4tzte Lesezeit\" \/>\n\t<meta name=\"twitter:data1\" content=\"3\u00a0Minuten\" \/>\n<script type=\"application\/ld+json\" class=\"yoast-schema-graph\">{\"@context\":\"https:\\\/\\\/schema.org\",\"@graph\":[{\"@type\":\"WebPage\",\"@id\":\"https:\\\/\\\/alphagraphics.ro\\\/de\\\/cookies\\\/\",\"url\":\"https:\\\/\\\/alphagraphics.ro\\\/de\\\/cookies\\\/\",\"name\":\"Cookies - Alpha Graphics\",\"isPartOf\":{\"@id\":\"https:\\\/\\\/alphagraphics.ro\\\/#website\"},\"datePublished\":\"2023-07-16T05:59:43+00:00\",\"dateModified\":\"2023-08-17T11:59:23+00:00\",\"breadcrumb\":{\"@id\":\"https:\\\/\\\/alphagraphics.ro\\\/de\\\/cookies\\\/#breadcrumb\"},\"inLanguage\":\"de\",\"potentialAction\":[{\"@type\":\"ReadAction\",\"target\":[\"https:\\\/\\\/alphagraphics.ro\\\/de\\\/cookies\\\/\"]}]},{\"@type\":\"BreadcrumbList\",\"@id\":\"https:\\\/\\\/alphagraphics.ro\\\/de\\\/cookies\\\/#breadcrumb\",\"itemListElement\":[{\"@type\":\"ListItem\",\"position\":1,\"name\":\"Prima pagin\u0103\",\"item\":\"https:\\\/\\\/alphagraphics.ro\\\/de\\\/\"},{\"@type\":\"ListItem\",\"position\":2,\"name\":\"Cookies\"}]},{\"@type\":\"WebSite\",\"@id\":\"https:\\\/\\\/alphagraphics.ro\\\/#website\",\"url\":\"https:\\\/\\\/alphagraphics.ro\\\/\",\"name\":\"Alpha Graphics\",\"description\":\"Decide azi pentru un viitor mai bun\",\"publisher\":{\"@id\":\"https:\\\/\\\/alphagraphics.ro\\\/#organization\"},\"potentialAction\":[{\"@type\":\"SearchAction\",\"target\":{\"@type\":\"EntryPoint\",\"urlTemplate\":\"https:\\\/\\\/alphagraphics.ro\\\/?s={search_term_string}\"},\"query-input\":{\"@type\":\"PropertyValueSpecification\",\"valueRequired\":true,\"valueName\":\"search_term_string\"}}],\"inLanguage\":\"de\"},{\"@type\":\"Organization\",\"@id\":\"https:\\\/\\\/alphagraphics.ro\\\/#organization\",\"name\":\"Alpha Graphics\",\"url\":\"https:\\\/\\\/alphagraphics.ro\\\/\",\"logo\":{\"@type\":\"ImageObject\",\"inLanguage\":\"de\",\"@id\":\"https:\\\/\\\/alphagraphics.ro\\\/#\\\/schema\\\/logo\\\/image\\\/\",\"url\":\"https:\\\/\\\/alphagraphics.ro\\\/wp-content\\\/uploads\\\/2023\\\/02\\\/alpha-graphics-logo.png\",\"contentUrl\":\"https:\\\/\\\/alphagraphics.ro\\\/wp-content\\\/uploads\\\/2023\\\/02\\\/alpha-graphics-logo.png\",\"width\":520,\"height\":73,\"caption\":\"Alpha Graphics\"},\"image\":{\"@id\":\"https:\\\/\\\/alphagraphics.ro\\\/#\\\/schema\\\/logo\\\/image\\\/\"}}]}<\/script>\n<!-- \/ Yoast SEO plugin. -->","yoast_head_json":{"title":"Cookies - Alpha Graphics","robots":{"index":"index","follow":"follow","max-snippet":"max-snippet:-1","max-image-preview":"max-image-preview:large","max-video-preview":"max-video-preview:-1"},"canonical":"https:\/\/alphagraphics.ro\/de\/cookies\/","og_locale":"de_DE","og_type":"article","og_title":"Cookies - Alpha Graphics","og_description":"Was sind Cookies? Ein Cookie ist eine kleine Textdatei, die auf Ihrem Computer oder Mobilger\u00e4t gespeichert wird, wenn Sie eine Website besuchen. Dank Cookies speichert die Website f\u00fcr einen bestimmten Zeitraum Ihre Aktionen und Pr\u00e4ferenzen (z. B. Login, Sprache, Zeichengr\u00f6\u00dfe und andere Anzeigepr\u00e4ferenzen). Sie m\u00fcssen sie also nicht jedes Mal erneut eingeben, wenn Sie zur &hellip; Cookies Weiterlesen &raquo;","og_url":"https:\/\/alphagraphics.ro\/de\/cookies\/","og_site_name":"Alpha Graphics","article_modified_time":"2023-08-17T11:59:23+00:00","twitter_card":"summary_large_image","twitter_misc":{"Gesch\u00e4tzte Lesezeit":"3\u00a0Minuten"},"schema":{"@context":"https:\/\/schema.org","@graph":[{"@type":"WebPage","@id":"https:\/\/alphagraphics.ro\/de\/cookies\/","url":"https:\/\/alphagraphics.ro\/de\/cookies\/","name":"Cookies - Alpha Graphics","isPartOf":{"@id":"https:\/\/alphagraphics.ro\/#website"},"datePublished":"2023-07-16T05:59:43+00:00","dateModified":"2023-08-17T11:59:23+00:00","breadcrumb":{"@id":"https:\/\/alphagraphics.ro\/de\/cookies\/#breadcrumb"},"inLanguage":"de","potentialAction":[{"@type":"ReadAction","target":["https:\/\/alphagraphics.ro\/de\/cookies\/"]}]},{"@type":"BreadcrumbList","@id":"https:\/\/alphagraphics.ro\/de\/cookies\/#breadcrumb","itemListElement":[{"@type":"ListItem","position":1,"name":"Prima pagin\u0103","item":"https:\/\/alphagraphics.ro\/de\/"},{"@type":"ListItem","position":2,"name":"Cookies"}]},{"@type":"WebSite","@id":"https:\/\/alphagraphics.ro\/#website","url":"https:\/\/alphagraphics.ro\/","name":"Alpha Graphics","description":"Decide azi pentru un viitor mai bun","publisher":{"@id":"https:\/\/alphagraphics.ro\/#organization"},"potentialAction":[{"@type":"SearchAction","target":{"@type":"EntryPoint","urlTemplate":"https:\/\/alphagraphics.ro\/?s={search_term_string}"},"query-input":{"@type":"PropertyValueSpecification","valueRequired":true,"valueName":"search_term_string"}}],"inLanguage":"de"},{"@type":"Organization","@id":"https:\/\/alphagraphics.ro\/#organization","name":"Alpha Graphics","url":"https:\/\/alphagraphics.ro\/","logo":{"@type":"ImageObject","inLanguage":"de","@id":"https:\/\/alphagraphics.ro\/#\/schema\/logo\/image\/","url":"https:\/\/alphagraphics.ro\/wp-content\/uploads\/2023\/02\/alpha-graphics-logo.png","contentUrl":"https:\/\/alphagraphics.ro\/wp-content\/uploads\/2023\/02\/alpha-graphics-logo.png","width":520,"height":73,"caption":"Alpha Graphics"},"image":{"@id":"https:\/\/alphagraphics.ro\/#\/schema\/logo\/image\/"}}]}},"_links":{"self":[{"href":"https:\/\/alphagraphics.ro\/de\/wp-json\/wp\/v2\/pages\/2305","targetHints":{"allow":["GET"]}}],"collection":[{"href":"https:\/\/alphagraphics.ro\/de\/wp-json\/wp\/v2\/pages"}],"about":[{"href":"https:\/\/alphagraphics.ro\/de\/wp-json\/wp\/v2\/types\/page"}],"author":[{"embeddable":true,"href":"https:\/\/alphagraphics.ro\/de\/wp-json\/wp\/v2\/users\/1"}],"replies":[{"embeddable":true,"href":"https:\/\/alphagraphics.ro\/de\/wp-json\/wp\/v2\/comments?post=2305"}],"version-history":[{"count":4,"href":"https:\/\/alphagraphics.ro\/de\/wp-json\/wp\/v2\/pages\/2305\/revisions"}],"predecessor-version":[{"id":2314,"href":"https:\/\/alphagraphics.ro\/de\/wp-json\/wp\/v2\/pages\/2305\/revisions\/2314"}],"wp:attachment":[{"href":"https:\/\/alphagraphics.ro\/de\/wp-json\/wp\/v2\/media?parent=2305"}],"curies":[{"name":"wp","href":"https:\/\/api.w.org\/{rel}","templated":true}]}}