{"id":2280,"date":"2023-07-16T08:58:44","date_gmt":"2023-07-16T05:58:44","guid":{"rendered":"https:\/\/alphagraphics.ro\/confidentialitate\/"},"modified":"2023-08-17T14:43:55","modified_gmt":"2023-08-17T11:43:55","slug":"privatsphaere","status":"publish","type":"page","link":"https:\/\/alphagraphics.ro\/de\/privatsphaere\/","title":{"rendered":"Privatsph\u00e4re"},"content":{"rendered":"\t\t<div data-elementor-type=\"wp-page\" data-elementor-id=\"2280\" class=\"elementor elementor-2280 elementor-479\" data-elementor-post-type=\"page\">\n\t\t\t\t\t\t\t\t\t<section class=\"elementor-section elementor-top-section elementor-element elementor-element-21a263a elementor-section-boxed elementor-section-height-default elementor-section-height-default\" data-id=\"21a263a\" data-element_type=\"section\">\n\t\t\t\t\t\t<div class=\"elementor-container elementor-column-gap-default\">\n\t\t\t\t\t<div class=\"elementor-column elementor-col-100 elementor-top-column elementor-element elementor-element-73a8ede\" data-id=\"73a8ede\" data-element_type=\"column\">\n\t\t\t<div class=\"elementor-widget-wrap elementor-element-populated\">\n\t\t\t\t\t\t\t\t<div class=\"elementor-element elementor-element-6fc4c76 elementor-widget elementor-widget-text-editor\" data-id=\"6fc4c76\" data-element_type=\"widget\" data-widget_type=\"text-editor.default\">\n\t\t\t\t<div class=\"elementor-widget-container\">\n\t\t\t<style>\/*! elementor - v3.14.0 - 26-06-2023 *\/\n.elementor-widget-text-editor.elementor-drop-cap-view-stacked .elementor-drop-cap{background-color:#69727d;color:#fff}.elementor-widget-text-editor.elementor-drop-cap-view-framed .elementor-drop-cap{color:#69727d;border:3px solid;background-color:transparent}.elementor-widget-text-editor:not(.elementor-drop-cap-view-default) .elementor-drop-cap{margin-top:8px}.elementor-widget-text-editor:not(.elementor-drop-cap-view-default) .elementor-drop-cap-letter{width:1em;height:1em}.elementor-widget-text-editor .elementor-drop-cap{float:left;text-align:center;line-height:1;font-size:50px}.elementor-widget-text-editor .elementor-drop-cap-letter{display:inline-block}<\/style>\t\t\t\t<p>Personenbezogene Daten k\u00f6nnen ohne Ihre Zustimmung im Falle von Rechtsstreitigkeiten\/Streitigkeiten im Zusammenhang mit Zahlungsbetrug an folgende Empf\u00e4nger weitergegeben werden: Banken, die an Online-Zahlungen beteiligt sind, internationale Kartenorganisationen und Service-\/Produktanbieter bzw. gem\u00e4\u00df dem Gesetz an die autorisierten Institutionen.<\/p><h5>Gem\u00e4\u00df den Bestimmungen des Gesetzes Nr. 677\/200 haben unsere Kunden folgende Rechte:<\/h5><p>1) Das Recht auf Auskunft (Art. 12)<br \/>2) Das Recht auf Zugang zu den Daten (Art. 13) \u2013 das Recht, auf Anfrage und kostenlos f\u00fcr eine Anfrage pro Jahr eine Best\u00e4tigung dar\u00fcber zu erhalten, ob die sie betreffenden Daten vom Datenverwalter verarbeitet werden oder nicht.<br \/>3) Das Recht auf Intervention (Art. 14) \u2013 das Recht, vom Datenverwalter durch eine schriftliche Anfrage und kostenlos Folgendes zu verlangen:<br \/>a) Berichtigung, Aktualisierung, Sperrung oder L\u00f6schung unvollst\u00e4ndiger, unrichtiger oder rechtswidriger Daten;<br \/>b) Umwandlung illegaler personenbezogener Daten in anonyme Daten;<br \/>c) Benachrichtigung Dritter \u00fcber die im Schreiben vorgesehenen Vorg\u00e4nge A und B).<br \/>4) Das Recht auf Widerspruch (Art. 15) \u2013 das Recht, aus begr\u00fcndeten und legitimen Gr\u00fcnden, die sich aus seiner besonderen Situation ergeben, unentgeltlich und durch einen schriftlichen Antrag Einspruch gegen die Verarbeitung der ihn betreffenden Daten einzulegen.<br \/>5) Das Recht, vor Gericht zu gehen (Art. 18) \u2013 das Recht, vor Gericht zu gehen, um die gesetzlich garantierten und verletzten Rechte zu verteidigen.<br \/>6) Das Recht, sich bei der Aufsichtsbeh\u00f6rde zu beschweren (Art. 25).<\/p>\t\t\t\t\t\t<\/div>\n\t\t\t\t<\/div>\n\t\t\t\t\t<\/div>\n\t\t<\/div>\n\t\t\t\t\t\t\t<\/div>\n\t\t<\/section>\n\t\t\t\t\t\t\t<\/div>\n\t\t","protected":false},"excerpt":{"rendered":"<p>Personenbezogene Daten k\u00f6nnen ohne Ihre Zustimmung im Falle von Rechtsstreitigkeiten\/Streitigkeiten im Zusammenhang mit Zahlungsbetrug an folgende Empf\u00e4nger weitergegeben werden: Banken, die an Online-Zahlungen beteiligt sind, internationale Kartenorganisationen und Service-\/Produktanbieter bzw. gem\u00e4\u00df dem Gesetz an die autorisierten Institutionen. Gem\u00e4\u00df den Bestimmungen des Gesetzes Nr. 677\/200 haben unsere Kunden folgende Rechte: 1) Das Recht auf Auskunft (Art. &hellip;<\/p>\n<p class=\"read-more\"> <a class=\"\" href=\"https:\/\/alphagraphics.ro\/de\/privatsphaere\/\"> <span class=\"screen-reader-text\">Privatsph\u00e4re<\/span> Weiterlesen &raquo;<\/a><\/p>\n","protected":false},"author":1,"featured_media":0,"parent":0,"menu_order":0,"comment_status":"closed","ping_status":"closed","template":"","meta":{"_acf_changed":false,"site-sidebar-layout":"no-sidebar","site-content-layout":"page-builder","ast-global-header-display":"","ast-main-header-display":"","ast-hfb-above-header-display":"","ast-hfb-below-header-display":"","ast-hfb-mobile-header-display":"","site-post-title":"disabled","ast-breadcrumbs-content":"","ast-featured-img":"disabled","footer-sml-layout":"","theme-transparent-header-meta":"","adv-header-id-meta":"","stick-header-meta":"","header-above-stick-meta":"","header-main-stick-meta":"","header-below-stick-meta":"","footnotes":""},"class_list":["post-2280","page","type-page","status-publish","hentry"],"acf":[],"yoast_head":"<!-- This site is optimized with the Yoast SEO plugin v27.3 - https:\/\/yoast.com\/product\/yoast-seo-wordpress\/ -->\n<title>Privatsph\u00e4re - Alpha Graphics<\/title>\n<meta name=\"robots\" content=\"index, follow, max-snippet:-1, max-image-preview:large, max-video-preview:-1\" \/>\n<link rel=\"canonical\" href=\"https:\/\/alphagraphics.ro\/de\/privatsphaere\/\" \/>\n<meta property=\"og:locale\" content=\"de_DE\" \/>\n<meta property=\"og:type\" content=\"article\" \/>\n<meta property=\"og:title\" content=\"Privatsph\u00e4re - Alpha Graphics\" \/>\n<meta property=\"og:description\" content=\"Personenbezogene Daten k\u00f6nnen ohne Ihre Zustimmung im Falle von Rechtsstreitigkeiten\/Streitigkeiten im Zusammenhang mit Zahlungsbetrug an folgende Empf\u00e4nger weitergegeben werden: Banken, die an Online-Zahlungen beteiligt sind, internationale Kartenorganisationen und Service-\/Produktanbieter bzw. gem\u00e4\u00df dem Gesetz an die autorisierten Institutionen. Gem\u00e4\u00df den Bestimmungen des Gesetzes Nr. 677\/200 haben unsere Kunden folgende Rechte: 1) Das Recht auf Auskunft (Art. &hellip; Privatsph\u00e4re Weiterlesen &raquo;\" \/>\n<meta property=\"og:url\" content=\"https:\/\/alphagraphics.ro\/de\/privatsphaere\/\" \/>\n<meta property=\"og:site_name\" content=\"Alpha Graphics\" \/>\n<meta property=\"article:modified_time\" content=\"2023-08-17T11:43:55+00:00\" \/>\n<meta name=\"twitter:card\" content=\"summary_large_image\" \/>\n<meta name=\"twitter:label1\" content=\"Gesch\u00e4tzte Lesezeit\" \/>\n\t<meta name=\"twitter:data1\" content=\"2\u00a0Minuten\" \/>\n<script type=\"application\/ld+json\" class=\"yoast-schema-graph\">{\"@context\":\"https:\\\/\\\/schema.org\",\"@graph\":[{\"@type\":\"WebPage\",\"@id\":\"https:\\\/\\\/alphagraphics.ro\\\/de\\\/privatsphaere\\\/\",\"url\":\"https:\\\/\\\/alphagraphics.ro\\\/de\\\/privatsphaere\\\/\",\"name\":\"Privatsph\u00e4re - Alpha Graphics\",\"isPartOf\":{\"@id\":\"https:\\\/\\\/alphagraphics.ro\\\/#website\"},\"datePublished\":\"2023-07-16T05:58:44+00:00\",\"dateModified\":\"2023-08-17T11:43:55+00:00\",\"breadcrumb\":{\"@id\":\"https:\\\/\\\/alphagraphics.ro\\\/de\\\/privatsphaere\\\/#breadcrumb\"},\"inLanguage\":\"de\",\"potentialAction\":[{\"@type\":\"ReadAction\",\"target\":[\"https:\\\/\\\/alphagraphics.ro\\\/de\\\/privatsphaere\\\/\"]}]},{\"@type\":\"BreadcrumbList\",\"@id\":\"https:\\\/\\\/alphagraphics.ro\\\/de\\\/privatsphaere\\\/#breadcrumb\",\"itemListElement\":[{\"@type\":\"ListItem\",\"position\":1,\"name\":\"Prima pagin\u0103\",\"item\":\"https:\\\/\\\/alphagraphics.ro\\\/de\\\/\"},{\"@type\":\"ListItem\",\"position\":2,\"name\":\"Privatsph\u00e4re\"}]},{\"@type\":\"WebSite\",\"@id\":\"https:\\\/\\\/alphagraphics.ro\\\/#website\",\"url\":\"https:\\\/\\\/alphagraphics.ro\\\/\",\"name\":\"Alpha Graphics\",\"description\":\"Decide azi pentru un viitor mai bun\",\"publisher\":{\"@id\":\"https:\\\/\\\/alphagraphics.ro\\\/#organization\"},\"potentialAction\":[{\"@type\":\"SearchAction\",\"target\":{\"@type\":\"EntryPoint\",\"urlTemplate\":\"https:\\\/\\\/alphagraphics.ro\\\/?s={search_term_string}\"},\"query-input\":{\"@type\":\"PropertyValueSpecification\",\"valueRequired\":true,\"valueName\":\"search_term_string\"}}],\"inLanguage\":\"de\"},{\"@type\":\"Organization\",\"@id\":\"https:\\\/\\\/alphagraphics.ro\\\/#organization\",\"name\":\"Alpha Graphics\",\"url\":\"https:\\\/\\\/alphagraphics.ro\\\/\",\"logo\":{\"@type\":\"ImageObject\",\"inLanguage\":\"de\",\"@id\":\"https:\\\/\\\/alphagraphics.ro\\\/#\\\/schema\\\/logo\\\/image\\\/\",\"url\":\"https:\\\/\\\/alphagraphics.ro\\\/wp-content\\\/uploads\\\/2023\\\/02\\\/alpha-graphics-logo.png\",\"contentUrl\":\"https:\\\/\\\/alphagraphics.ro\\\/wp-content\\\/uploads\\\/2023\\\/02\\\/alpha-graphics-logo.png\",\"width\":520,\"height\":73,\"caption\":\"Alpha Graphics\"},\"image\":{\"@id\":\"https:\\\/\\\/alphagraphics.ro\\\/#\\\/schema\\\/logo\\\/image\\\/\"}}]}<\/script>\n<!-- \/ Yoast SEO plugin. -->","yoast_head_json":{"title":"Privatsph\u00e4re - Alpha Graphics","robots":{"index":"index","follow":"follow","max-snippet":"max-snippet:-1","max-image-preview":"max-image-preview:large","max-video-preview":"max-video-preview:-1"},"canonical":"https:\/\/alphagraphics.ro\/de\/privatsphaere\/","og_locale":"de_DE","og_type":"article","og_title":"Privatsph\u00e4re - Alpha Graphics","og_description":"Personenbezogene Daten k\u00f6nnen ohne Ihre Zustimmung im Falle von Rechtsstreitigkeiten\/Streitigkeiten im Zusammenhang mit Zahlungsbetrug an folgende Empf\u00e4nger weitergegeben werden: Banken, die an Online-Zahlungen beteiligt sind, internationale Kartenorganisationen und Service-\/Produktanbieter bzw. gem\u00e4\u00df dem Gesetz an die autorisierten Institutionen. Gem\u00e4\u00df den Bestimmungen des Gesetzes Nr. 677\/200 haben unsere Kunden folgende Rechte: 1) Das Recht auf Auskunft (Art. &hellip; Privatsph\u00e4re Weiterlesen &raquo;","og_url":"https:\/\/alphagraphics.ro\/de\/privatsphaere\/","og_site_name":"Alpha Graphics","article_modified_time":"2023-08-17T11:43:55+00:00","twitter_card":"summary_large_image","twitter_misc":{"Gesch\u00e4tzte Lesezeit":"2\u00a0Minuten"},"schema":{"@context":"https:\/\/schema.org","@graph":[{"@type":"WebPage","@id":"https:\/\/alphagraphics.ro\/de\/privatsphaere\/","url":"https:\/\/alphagraphics.ro\/de\/privatsphaere\/","name":"Privatsph\u00e4re - Alpha Graphics","isPartOf":{"@id":"https:\/\/alphagraphics.ro\/#website"},"datePublished":"2023-07-16T05:58:44+00:00","dateModified":"2023-08-17T11:43:55+00:00","breadcrumb":{"@id":"https:\/\/alphagraphics.ro\/de\/privatsphaere\/#breadcrumb"},"inLanguage":"de","potentialAction":[{"@type":"ReadAction","target":["https:\/\/alphagraphics.ro\/de\/privatsphaere\/"]}]},{"@type":"BreadcrumbList","@id":"https:\/\/alphagraphics.ro\/de\/privatsphaere\/#breadcrumb","itemListElement":[{"@type":"ListItem","position":1,"name":"Prima pagin\u0103","item":"https:\/\/alphagraphics.ro\/de\/"},{"@type":"ListItem","position":2,"name":"Privatsph\u00e4re"}]},{"@type":"WebSite","@id":"https:\/\/alphagraphics.ro\/#website","url":"https:\/\/alphagraphics.ro\/","name":"Alpha Graphics","description":"Decide azi pentru un viitor mai bun","publisher":{"@id":"https:\/\/alphagraphics.ro\/#organization"},"potentialAction":[{"@type":"SearchAction","target":{"@type":"EntryPoint","urlTemplate":"https:\/\/alphagraphics.ro\/?s={search_term_string}"},"query-input":{"@type":"PropertyValueSpecification","valueRequired":true,"valueName":"search_term_string"}}],"inLanguage":"de"},{"@type":"Organization","@id":"https:\/\/alphagraphics.ro\/#organization","name":"Alpha Graphics","url":"https:\/\/alphagraphics.ro\/","logo":{"@type":"ImageObject","inLanguage":"de","@id":"https:\/\/alphagraphics.ro\/#\/schema\/logo\/image\/","url":"https:\/\/alphagraphics.ro\/wp-content\/uploads\/2023\/02\/alpha-graphics-logo.png","contentUrl":"https:\/\/alphagraphics.ro\/wp-content\/uploads\/2023\/02\/alpha-graphics-logo.png","width":520,"height":73,"caption":"Alpha Graphics"},"image":{"@id":"https:\/\/alphagraphics.ro\/#\/schema\/logo\/image\/"}}]}},"_links":{"self":[{"href":"https:\/\/alphagraphics.ro\/de\/wp-json\/wp\/v2\/pages\/2280","targetHints":{"allow":["GET"]}}],"collection":[{"href":"https:\/\/alphagraphics.ro\/de\/wp-json\/wp\/v2\/pages"}],"about":[{"href":"https:\/\/alphagraphics.ro\/de\/wp-json\/wp\/v2\/types\/page"}],"author":[{"embeddable":true,"href":"https:\/\/alphagraphics.ro\/de\/wp-json\/wp\/v2\/users\/1"}],"replies":[{"embeddable":true,"href":"https:\/\/alphagraphics.ro\/de\/wp-json\/wp\/v2\/comments?post=2280"}],"version-history":[{"count":5,"href":"https:\/\/alphagraphics.ro\/de\/wp-json\/wp\/v2\/pages\/2280\/revisions"}],"predecessor-version":[{"id":2291,"href":"https:\/\/alphagraphics.ro\/de\/wp-json\/wp\/v2\/pages\/2280\/revisions\/2291"}],"wp:attachment":[{"href":"https:\/\/alphagraphics.ro\/de\/wp-json\/wp\/v2\/media?parent=2280"}],"curies":[{"name":"wp","href":"https:\/\/api.w.org\/{rel}","templated":true}]}}